{"id":12,"date":"2024-10-13T11:15:01","date_gmt":"2024-10-13T11:15:01","guid":{"rendered":"https:\/\/oppitz.co.at\/?page_id=12"},"modified":"2024-10-13T11:15:01","modified_gmt":"2024-10-13T11:15:01","slug":"impressum","status":"publish","type":"page","link":"https:\/\/oppitz.co.at\/?page_id=12","title":{"rendered":"Impressum"},"content":{"rendered":"\n<p>Kompetenz &amp; Mehr Unternehmensberatung OG<\/p>\n\n\n\n<p>Dr. Regina Oppitz<\/p>\n\n\n\n<p>gesch\u00e4ftsf\u00fchrende&nbsp; Gesellschafterin<\/p>\n\n\n\n<p>1130 Wien, Furtw\u00e4nglerplatz 41\/ Haus 1<\/p>\n\n\n\n<p><\/p>\n","protected":false},"excerpt":{"rendered":"<p>Kompetenz &amp; Mehr Unternehmensberatung OG Dr. Regina Oppitz gesch\u00e4ftsf\u00fchrende&nbsp; Gesellschafterin 1130 Wien, Furtw\u00e4nglerplatz 41\/ Haus 1<\/p>\n","protected":false},"author":1,"featured_media":0,"parent":14,"menu_order":0,"comment_status":"closed","ping_status":"closed","template":"","meta":{"footnotes":""},"class_list":["post-12","page","type-page","status-publish","hentry"],"_links":{"self":[{"href":"https:\/\/oppitz.co.at\/index.php?rest_route=\/wp\/v2\/pages\/12","targetHints":{"allow":["GET"]}}],"collection":[{"href":"https:\/\/oppitz.co.at\/index.php?rest_route=\/wp\/v2\/pages"}],"about":[{"href":"https:\/\/oppitz.co.at\/index.php?rest_route=\/wp\/v2\/types\/page"}],"author":[{"embeddable":true,"href":"https:\/\/oppitz.co.at\/index.php?rest_route=\/wp\/v2\/users\/1"}],"replies":[{"embeddable":true,"href":"https:\/\/oppitz.co.at\/index.php?rest_route=%2Fwp%2Fv2%2Fcomments&post=12"}],"version-history":[{"count":2,"href":"https:\/\/oppitz.co.at\/index.php?rest_route=\/wp\/v2\/pages\/12\/revisions"}],"predecessor-version":[{"id":113,"href":"https:\/\/oppitz.co.at\/index.php?rest_route=\/wp\/v2\/pages\/12\/revisions\/113"}],"up":[{"embeddable":true,"href":"https:\/\/oppitz.co.at\/index.php?rest_route=\/wp\/v2\/pages\/14"}],"wp:attachment":[{"href":"https:\/\/oppitz.co.at\/index.php?rest_route=%2Fwp%2Fv2%2Fmedia&parent=12"}],"curies":[{"name":"wp","href":"https:\/\/api.w.org\/{rel}","templated":true}]}}